{"id":4445,"date":"2020-12-18T14:32:23","date_gmt":"2020-12-18T13:32:23","guid":{"rendered":"https:\/\/ed-pepper.eu\/?page_id=4445"},"modified":"2024-09-24T09:53:02","modified_gmt":"2024-09-24T07:53:02","slug":"national-partners","status":"publish","type":"page","link":"https:\/\/ed-pepper.eu\/en\/national-partners\/","title":{"rendered":"National"},"content":{"rendered":"<p>PEPPER&#8217;s national partners are presented below in alphabetical order :&nbsp;<\/p>\n\n\r\n<div class=\"row p-t-15 membres\">\r\n            <div class=\"col-6 col-lg-3\" id=\"membres-block_5ef1b1c0f3713\">\r\n            <div class=\"item text-center ml-box styleclear\">\r\n                <a href=\"https:\/\/asso.adebiotech.org\/en\/about\/\" target=\"_blank\">\r\n                    <div class=\"it-logo d-flex align-items-center justify-content-center\">\r\n                        <img decoding=\"async\" src=\"https:\/\/ed-pepper.eu\/wp-content\/uploads\/2024\/09\/logo-adebiotech.png\">\r\n                    <\/div>\r\n                    <span>Adebiotech <\/span>\r\n                <\/a>\r\n            <\/div>\r\n        <\/div>\r\n            <div class=\"col-6 col-lg-3\" id=\"membres-block_5ef1b1c0f3713\">\r\n            <div class=\"item text-center ml-box styleclear\">\r\n                <a href=\"https:\/\/www.agence-francaise-biodiversite.fr\/\" target=\"_blank\">\r\n                    <div class=\"it-logo d-flex align-items-center justify-content-center\">\r\n                        <img decoding=\"async\" src=\"https:\/\/ed-pepper.eu\/wp-content\/uploads\/2020\/11\/AFB.jpg\">\r\n                    <\/div>\r\n                    <span>Agence fran\u00e7aise pour la biodiversit\u00e9 <\/span>\r\n                <\/a>\r\n            <\/div>\r\n        <\/div>\r\n            <div class=\"col-6 col-lg-3\" id=\"membres-block_5ef1b1c0f3713\">\r\n            <div class=\"item text-center ml-box styleclear\">\r\n                <a href=\"https:\/\/www.anses.fr\/en\" target=\"_blank\">\r\n                    <div class=\"it-logo d-flex align-items-center justify-content-center\">\r\n                        <img decoding=\"async\" src=\"https:\/\/ed-pepper.eu\/wp-content\/uploads\/2020\/06\/Anses_logo_2010.png\">\r\n                    <\/div>\r\n                    <span>Agence nationale de s\u00e9curit\u00e9 sanitaire de l&#8217;alimentation, de l&#8217;environnement et du travail <\/span>\r\n                <\/a>\r\n            <\/div>\r\n        <\/div>\r\n            <div class=\"col-6 col-lg-3\" id=\"membres-block_5ef1b1c0f3713\">\r\n            <div class=\"item text-center ml-box styleclear\">\r\n                <a href=\"https:\/\/ansm.sante.fr\/\" target=\"_blank\">\r\n                    <div class=\"it-logo d-flex align-items-center justify-content-center\">\r\n                        <img decoding=\"async\" src=\"https:\/\/ed-pepper.eu\/wp-content\/uploads\/2020\/06\/ansm_logo.gif\">\r\n                    <\/div>\r\n                    <span>Agence nationale de s\u00e9curit\u00e9 du m\u00e9dicament et des produits de sant\u00e9 <\/span>\r\n                <\/a>\r\n            <\/div>\r\n        <\/div>\r\n            <div class=\"col-6 col-lg-3\" id=\"membres-block_5ef1b1c0f3713\">\r\n            <div class=\"item text-center ml-box styleclear\">\r\n                <a href=\"https:\/\/aviesan.fr\/en\" target=\"_blank\">\r\n                    <div class=\"it-logo d-flex align-items-center justify-content-center\">\r\n                        <img decoding=\"async\" src=\"https:\/\/ed-pepper.eu\/wp-content\/uploads\/2020\/06\/LOGO-aviesan1-1024x350-1.jpg\">\r\n                    <\/div>\r\n                    <span>Alliance nationale pour les sciences de la vie et de la sant\u00e9 <\/span>\r\n                <\/a>\r\n            <\/div>\r\n        <\/div>\r\n            <div class=\"col-6 col-lg-3\" id=\"membres-block_5ef1b1c0f3713\">\r\n            <div class=\"item text-center ml-box styleclear\">\r\n                <a href=\"https:\/\/aret.asso.fr\/aret-en\/\" target=\"_blank\">\r\n                    <div class=\"it-logo d-flex align-items-center justify-content-center\">\r\n                        <img decoding=\"async\" src=\"https:\/\/ed-pepper.eu\/wp-content\/uploads\/2020\/11\/aret-logo.png\">\r\n                    <\/div>\r\n                    <span>Association pour la recherche en toxicologie <\/span>\r\n                <\/a>\r\n            <\/div>\r\n        <\/div>\r\n            <div class=\"col-6 col-lg-3\" id=\"membres-block_5ef1b1c0f3713\">\r\n            <div class=\"item text-center ml-box styleclear\">\r\n                <a href=\"https:\/\/cfdt.fr\/\" target=\"_blank\">\r\n                    <div class=\"it-logo d-flex align-items-center justify-content-center\">\r\n                        <img decoding=\"async\" src=\"https:\/\/ed-pepper.eu\/wp-content\/uploads\/2020\/06\/cfdt_2012.jpg\">\r\n                    <\/div>\r\n                    <span>Conf\u00e9d\u00e9ration fran\u00e7aise d\u00e9mocratique du travail <\/span>\r\n                <\/a>\r\n            <\/div>\r\n        <\/div>\r\n            <div class=\"col-6 col-lg-3\" id=\"membres-block_5ef1b1c0f3713\">\r\n            <div class=\"item text-center ml-box styleclear\">\r\n                <a href=\"https:\/\/www.fne.asso.fr\/\" target=\"_blank\">\r\n                    <div class=\"it-logo d-flex align-items-center justify-content-center\">\r\n                        <img decoding=\"async\" src=\"https:\/\/ed-pepper.eu\/wp-content\/uploads\/2020\/06\/Logo_Horizontal_ROUGE-01-1.png\">\r\n                    <\/div>\r\n                    <span>France nature environnement <\/span>\r\n                <\/a>\r\n            <\/div>\r\n        <\/div>\r\n            <div class=\"col-6 col-lg-3\" id=\"membres-block_5ef1b1c0f3713\">\r\n            <div class=\"item text-center ml-box styleclear\">\r\n                <a href=\"http:\/\/www.francopa.fr\/web\/francopa?page=home&#038;out=txt&#038;languageIhm=eng\" target=\"_blank\">\r\n                    <div class=\"it-logo d-flex align-items-center justify-content-center\">\r\n                        <img decoding=\"async\" src=\"https:\/\/ed-pepper.eu\/wp-content\/uploads\/2020\/06\/francopa-1.jpg\">\r\n                    <\/div>\r\n                    <span>Francopa <\/span>\r\n                <\/a>\r\n            <\/div>\r\n        <\/div>\r\n            <div class=\"col-6 col-lg-3\" id=\"membres-block_5ef1b1c0f3713\">\r\n            <div class=\"item text-center ml-box styleclear\">\r\n                <a href=\"https:\/\/www.generations-futures.fr\/\" target=\"_blank\">\r\n                    <div class=\"it-logo d-flex align-items-center justify-content-center\">\r\n                        <img decoding=\"async\" src=\"https:\/\/ed-pepper.eu\/wp-content\/uploads\/2020\/06\/logo-gf.jpeg\">\r\n                    <\/div>\r\n                    <span>G\u00e9n\u00e9rations futures <\/span>\r\n                <\/a>\r\n            <\/div>\r\n        <\/div>\r\n    <\/div>","protected":false},"excerpt":{"rendered":"<p>PEPPER&#8217;s national partners are presented below in alphabetical order :&nbsp;<\/p>\n","protected":false},"author":1,"featured_media":0,"parent":0,"menu_order":0,"comment_status":"closed","ping_status":"closed","template":"","meta":{"footnotes":""},"class_list":["post-4445","page","type-page","status-publish","hentry"],"_links":{"self":[{"href":"https:\/\/ed-pepper.eu\/en\/wp-json\/wp\/v2\/pages\/4445","targetHints":{"allow":["GET"]}}],"collection":[{"href":"https:\/\/ed-pepper.eu\/en\/wp-json\/wp\/v2\/pages"}],"about":[{"href":"https:\/\/ed-pepper.eu\/en\/wp-json\/wp\/v2\/types\/page"}],"author":[{"embeddable":true,"href":"https:\/\/ed-pepper.eu\/en\/wp-json\/wp\/v2\/users\/1"}],"replies":[{"embeddable":true,"href":"https:\/\/ed-pepper.eu\/en\/wp-json\/wp\/v2\/comments?post=4445"}],"version-history":[{"count":21,"href":"https:\/\/ed-pepper.eu\/en\/wp-json\/wp\/v2\/pages\/4445\/revisions"}],"predecessor-version":[{"id":7135,"href":"https:\/\/ed-pepper.eu\/en\/wp-json\/wp\/v2\/pages\/4445\/revisions\/7135"}],"wp:attachment":[{"href":"https:\/\/ed-pepper.eu\/en\/wp-json\/wp\/v2\/media?parent=4445"}],"curies":[{"name":"wp","href":"https:\/\/api.w.org\/{rel}","templated":true}]}}