{"id":502,"date":"2020-06-16T19:44:13","date_gmt":"2020-06-16T17:44:13","guid":{"rendered":"https:\/\/ed-pepper.eu\/pepper-members\/"},"modified":"2025-07-31T11:03:11","modified_gmt":"2025-07-31T09:03:11","slug":"pepper-members","status":"publish","type":"page","link":"https:\/\/ed-pepper.eu\/en\/pepper-members\/","title":{"rendered":"Members"},"content":{"rendered":"\n<p>PEPPER was founded in 2021 by France Chimie, FEBEA, and the Fondation de la Maison de la Chimie. It operates as a non-profit supported by public and private funding, with<strong> the mission to accelerate the development and validation of scientific methods to identify endocrine disruptors.<\/strong><\/p>\n\n\n\n<p class=\"has-vivid-cyan-blue-color has-text-color has-link-color wp-elements-7092093007bdef98c1e19ae793510734\"><strong>You support research for better science, health, and environmental protection? <\/strong><br><strong>Become a member and join our growing community<\/strong>!<\/p>\n\n\n\n<p class=\"has-medium-font-size\"><strong>How to become a member?<\/strong><\/p>\n\n\n\n<p>Membership is open to <strong>individuals<\/strong> and <strong>legal entities<\/strong> (e.g. companies, NGOs) with a unique SIREN registration number. <br><br>1\ufe0f\u20e3 Choose Membership Type<\/p>\n\n\n\n<p>Select your membership category (Founding, Supporting, or Ordinary).<\/p>\n\n\n\n<h4 class=\"wp-block-heading\">2\ufe0f\u20e3 Prepare Application<\/h4>\n\n\n\n<p>Provide:<\/p>\n\n\n\n<ul class=\"wp-block-list\">\n<li>Contact info<\/li>\n\n\n\n<li>Legal status (SIREN or equivalent)<\/li>\n\n\n\n<li>Short description of your organisation<\/li>\n<\/ul>\n\n\n\n<h4 class=\"wp-block-heading\">3\ufe0f\u20e3 Submit Your Application<\/h4>\n\n\n\n<p>Send your request via the online form or by email.<\/p>\n\n\n\n<h4 class=\"wp-block-heading\">4\ufe0f\u20e3 Internal Review<\/h4>\n\n\n\n<p>The Executive Secretary reviews your file.<\/p>\n\n\n\n<h4 class=\"wp-block-heading\">5\ufe0f\u20e3 Board Approval<\/h4>\n\n\n\n<p>Your membership is validated by the Board of Directors.<\/p>\n\n\n\n<h4 class=\"wp-block-heading\">6\ufe0f\u20e3 Welcome to PEPPER<\/h4>\n\n\n\n<p>Access expert support, scientific resources, and a dynamic community! <br><\/p>\n\n\n\n<p><a href=\"https:\/\/ed-pepper.eu\/en\/join-us\/\">more info<\/a><br><\/p>\n\n\n\n<p>Our current* members are listed below in alphabetical order with in category <\/p>\n\n\n\n<h4 class=\"wp-block-heading m-t-30\">Founding members<\/h4>\n\n\n\r\n<div class=\"row p-t-15 membres p-b-30\">\r\n            <div class=\"col-6 col-lg-4\" id=\"membres-block_5ed61a8b3eb4e\">\r\n            <div class=\"item text-center ml-box styleclear\">\r\n                <a href=\"https:\/\/www.febea.fr\/\" target=\"_blank\">\r\n                    <div class=\"it-logo d-flex align-items-center justify-content-center\">\r\n                        <img decoding=\"async\" src=\"https:\/\/ed-pepper.eu\/wp-content\/uploads\/2020\/11\/febea_logo_0.jpg\">\r\n                    <\/div>\r\n                    <span>F\u00e9d\u00e9ration des Entreprises de la BEAut\u00e9 <\/span>\r\n                <\/a>\r\n            <\/div>\r\n        <\/div>\r\n            <div class=\"col-6 col-lg-4\" id=\"membres-block_5ed61a8b3eb4e\">\r\n            <div class=\"item text-center ml-box styleclear\">\r\n                <a href=\"https:\/\/maisondelachimie.com\/\" target=\"_blank\">\r\n                    <div class=\"it-logo d-flex align-items-center justify-content-center\">\r\n                        <img decoding=\"async\" src=\"https:\/\/ed-pepper.eu\/wp-content\/uploads\/2020\/07\/logo-fondation-maison-chimie.jpg\">\r\n                    <\/div>\r\n                    <span>Fondation de la Maison de la Chimie <\/span>\r\n                <\/a>\r\n            <\/div>\r\n        <\/div>\r\n            <div class=\"col-6 col-lg-4\" id=\"membres-block_5ed61a8b3eb4e\">\r\n            <div class=\"item text-center ml-box styleclear\">\r\n                <a href=\"https:\/\/www.francechimie.fr\" target=\"_blank\">\r\n                    <div class=\"it-logo d-flex align-items-center justify-content-center\">\r\n                        <img decoding=\"async\" src=\"https:\/\/ed-pepper.eu\/wp-content\/uploads\/2020\/11\/france-chimie-logo.jpg\">\r\n                    <\/div>\r\n                    <span>France Chimie <\/span>\r\n                <\/a>\r\n            <\/div>\r\n        <\/div>\r\n            <div class=\"col-6 col-lg-4\" id=\"membres-block_5ed61a8b3eb4e\">\r\n            <div class=\"item text-center ml-box styleclear\">\r\n                <a href=\"https:\/\/www.ecologie.gouv.fr\/direction-generale-prevention-des-risques-dgpr\" target=\"_blank\">\r\n                    <div class=\"it-logo d-flex align-items-center justify-content-center\">\r\n                        <img decoding=\"async\" src=\"https:\/\/ed-pepper.eu\/wp-content\/uploads\/2020\/11\/DGPR.jpg\">\r\n                    <\/div>\r\n                    <span>Direction G\u00e9n\u00e9rale de la Pr\u00e9vention des Risques (DGPR) <\/span>\r\n                <\/a>\r\n            <\/div>\r\n        <\/div>\r\n    <\/div>\n\n\n<h4 class=\"wp-block-heading m-t-30\">Supporting members<\/h4>\n\n\n\r\n<div class=\"row p-t-15 membres m-b-30\">\r\n            <div class=\"col-6 col-lg-3\" id=\"membres-block_5ed62cf0221ad\">\r\n            <div class=\"item text-center ml-box styleclear\">\r\n                <a href=\"https:\/\/www.basf.com\/global\/en.html\" target=\"_blank\">\r\n                    <div class=\"it-logo d-flex align-items-center justify-content-center\">\r\n                        <img decoding=\"async\" src=\"https:\/\/ed-pepper.eu\/wp-content\/uploads\/2020\/11\/BASF.png\">\r\n                    <\/div>\r\n                    <span>BASF<\/span>\r\n                <\/a>\r\n            <\/div>\r\n        <\/div>\r\n            <div class=\"col-6 col-lg-3\" id=\"membres-block_5ed62cf0221ad\">\r\n            <div class=\"item text-center ml-box styleclear\">\r\n                <a href=\" http:\/\/www.bayer.fr\" target=\"_blank\">\r\n                    <div class=\"it-logo d-flex align-items-center justify-content-center\">\r\n                        <img decoding=\"async\" src=\"https:\/\/ed-pepper.eu\/wp-content\/uploads\/2021\/04\/bayer-1.jpg\">\r\n                    <\/div>\r\n                    <span>BAYER France<\/span>\r\n                <\/a>\r\n            <\/div>\r\n        <\/div>\r\n            <div class=\"col-6 col-lg-3\" id=\"membres-block_5ed62cf0221ad\">\r\n            <div class=\"item text-center ml-box styleclear\">\r\n                <a href=\"https:\/\/www.fher.org\/\" target=\"_blank\">\r\n                    <div class=\"it-logo d-flex align-items-center justify-content-center\">\r\n                        <img decoding=\"async\" src=\"https:\/\/ed-pepper.eu\/wp-content\/uploads\/2022\/07\/LOGO-FHER-COULEURS-002-1.png\">\r\n                    <\/div>\r\n                    <span>FHER<\/span>\r\n                <\/a>\r\n            <\/div>\r\n        <\/div>\r\n            <div class=\"col-6 col-lg-3\" id=\"membres-block_5ed62cf0221ad\">\r\n            <div class=\"item text-center ml-box styleclear\">\r\n                <a href=\"https:\/\/www.lvmh.fr\/search\" target=\"_blank\">\r\n                    <div class=\"it-logo d-flex align-items-center justify-content-center\">\r\n                        <img decoding=\"async\" src=\"https:\/\/ed-pepper.eu\/wp-content\/uploads\/2022\/03\/LVMH.png\">\r\n                    <\/div>\r\n                    <span>LVMH research<\/span>\r\n                <\/a>\r\n            <\/div>\r\n        <\/div>\r\n            <div class=\"col-6 col-lg-3\" id=\"membres-block_5ed62cf0221ad\">\r\n            <div class=\"item text-center ml-box styleclear\">\r\n                <a href=\"https:\/\/agriculture.gouv.fr\/\" target=\"_blank\">\r\n                    <div class=\"it-logo d-flex align-items-center justify-content-center\">\r\n                        <img decoding=\"async\" src=\"https:\/\/ed-pepper.eu\/wp-content\/uploads\/2020\/11\/DGAL_LOGO.jpg\">\r\n                    <\/div>\r\n                    <span>Direction G\u00e9n\u00e9rale de l&#8217;Agriculture et de l&#8217;Alimentation (DGAL) <\/span>\r\n                <\/a>\r\n            <\/div>\r\n        <\/div>\r\n            <div class=\"col-6 col-lg-3\" id=\"membres-block_5ed62cf0221ad\">\r\n            <div class=\"item text-center ml-box styleclear\">\r\n                <a href=\"https:\/\/www.gouvernement.fr\/le-ministere-du-travail-de-l-emploi-et-de-l-insertion\" target=\"_blank\">\r\n                    <div class=\"it-logo d-flex align-items-center justify-content-center\">\r\n                        <img decoding=\"async\" src=\"https:\/\/ed-pepper.eu\/wp-content\/uploads\/2020\/11\/DGT.png\">\r\n                    <\/div>\r\n                    <span>Direction G\u00e9n\u00e9rale du Travail (DGT) <\/span>\r\n                <\/a>\r\n            <\/div>\r\n        <\/div>\r\n    <\/div>\n\n\n<h4 class=\"wp-block-heading m-t-30\"><strong>Ordinary members<\/strong><\/h4>\n\n\n\r\n<div class=\"row p-t-15 membres\">\r\n            <div class=\"col-6 col-lg-2\" id=\"membres-block_5ed62ea6221b1\">\r\n            <div class=\"item text-center ml-box styleclear\">\r\n                <a href=\"https:\/\/www.afssi.fr\/\" target=\"_blank\">\r\n                    <div class=\"it-logo d-flex align-items-center justify-content-center\">\r\n                        <img decoding=\"async\" src=\"https:\/\/ed-pepper.eu\/wp-content\/uploads\/2020\/07\/AFFSI.jpg\">\r\n                    <\/div>\r\n                    <span>Association Fran\u00e7aise des Soci\u00e9t\u00e9s de Services et d&#8217;Innovation <\/span>\r\n                <\/a>\r\n            <\/div>\r\n        <\/div>\r\n            <div class=\"col-6 col-lg-2\" id=\"membres-block_5ed62ea6221b1\">\r\n            <div class=\"item text-center ml-box styleclear\">\r\n                <a href=\"http:\/\/academy.altertox.be\/\" target=\"_blank\">\r\n                    <div class=\"it-logo d-flex align-items-center justify-content-center\">\r\n                        <img decoding=\"async\" src=\"https:\/\/ed-pepper.eu\/wp-content\/uploads\/2024\/09\/Altertox_logo_purple.png\">\r\n                    <\/div>\r\n                    <span>ALTERTOX<\/span>\r\n                <\/a>\r\n            <\/div>\r\n        <\/div>\r\n            <div class=\"col-6 col-lg-2\" id=\"membres-block_5ed62ea6221b1\">\r\n            <div class=\"item text-center ml-box styleclear\">\r\n                <a href=\"https:\/\/www.ania.net\/\" target=\"_blank\">\r\n                    <div class=\"it-logo d-flex align-items-center justify-content-center\">\r\n                        <img decoding=\"async\" src=\"https:\/\/ed-pepper.eu\/wp-content\/uploads\/2020\/11\/ANIA.jpg\">\r\n                    <\/div>\r\n                    <span>Association Nationale des Industries Alimentaires <\/span>\r\n                <\/a>\r\n            <\/div>\r\n        <\/div>\r\n            <div class=\"col-6 col-lg-2\" id=\"membres-block_5ed62ea6221b1\">\r\n            <div class=\"item text-center ml-box styleclear\">\r\n                <a href=\"https:\/\/www.cehtra.com\" target=\"_blank\">\r\n                    <div class=\"it-logo d-flex align-items-center justify-content-center\">\r\n                        <img decoding=\"async\" src=\"https:\/\/ed-pepper.eu\/wp-content\/uploads\/2024\/09\/cehtra.png\">\r\n                    <\/div>\r\n                    <span>CEHTRA<\/span>\r\n                <\/a>\r\n            <\/div>\r\n        <\/div>\r\n            <div class=\"col-6 col-lg-2\" id=\"membres-block_5ed62ea6221b1\">\r\n            <div class=\"item text-center ml-box styleclear\">\r\n                <a href=\"https:\/\/www.eurofins.fr\/\" target=\"_blank\">\r\n                    <div class=\"it-logo d-flex align-items-center justify-content-center\">\r\n                        <img decoding=\"async\" src=\"https:\/\/ed-pepper.eu\/wp-content\/uploads\/2021\/07\/Eurofins-Logo-PNG.png\">\r\n                    <\/div>\r\n                    <span>EUROFINS<\/span>\r\n                <\/a>\r\n            <\/div>\r\n        <\/div>\r\n            <div class=\"col-6 col-lg-2\" id=\"membres-block_5ed62ea6221b1\">\r\n            <div class=\"item text-center ml-box styleclear\">\r\n                <a href=\"https:\/\/www.ineris.fr\/en\" target=\"_blank\">\r\n                    <div class=\"it-logo d-flex align-items-center justify-content-center\">\r\n                        <img decoding=\"async\" src=\"https:\/\/ed-pepper.eu\/wp-content\/uploads\/2020\/11\/INERIS.jpg\">\r\n                    <\/div>\r\n                    <span>Ineris <\/span>\r\n                <\/a>\r\n            <\/div>\r\n        <\/div>\r\n            <div class=\"col-6 col-lg-2\" id=\"membres-block_5ed62ea6221b1\">\r\n            <div class=\"item text-center ml-box styleclear\">\r\n                <a href=\"https:\/\/minafin.com\/\" target=\"_blank\">\r\n                    <div class=\"it-logo d-flex align-items-center justify-content-center\">\r\n                        <img decoding=\"async\" src=\"https:\/\/ed-pepper.eu\/wp-content\/uploads\/2021\/05\/2105101328230001-2.jpg\">\r\n                    <\/div>\r\n                    <span>MINAFIN<\/span>\r\n                <\/a>\r\n            <\/div>\r\n        <\/div>\r\n            <div class=\"col-6 col-lg-2\" id=\"membres-block_5ed62ea6221b1\">\r\n            <div class=\"item text-center ml-box styleclear\">\r\n                <a href=\"https:\/\/vito.be\/en\" target=\"_blank\">\r\n                    <div class=\"it-logo d-flex align-items-center justify-content-center\">\r\n                        <img decoding=\"async\" src=\"https:\/\/ed-pepper.eu\/wp-content\/uploads\/2023\/11\/VITO-1.png\">\r\n                    <\/div>\r\n                    <span>VITO<\/span>\r\n                <\/a>\r\n            <\/div>\r\n        <\/div>\r\n    <\/div>\n\n\n<p>Individual members<\/p>\n\n\n\n<p>Laurence JACQUES<\/p>\n\n\n\n<p><img decoding=\"async\" width=\"150\" height=\"142\" class=\"wp-image-6837\" style=\"width: 150px;\" src=\"https:\/\/ed-pepper.eu\/wp-content\/uploads\/2024\/04\/PHOTO-UP-20230602-JACQUES-78-min-1.jpg\" alt=\"\" srcset=\"https:\/\/ed-pepper.eu\/wp-content\/uploads\/2024\/04\/PHOTO-UP-20230602-JACQUES-78-min-1.jpg 1710w, https:\/\/ed-pepper.eu\/wp-content\/uploads\/2024\/04\/PHOTO-UP-20230602-JACQUES-78-min-1-300x283.jpg 300w, https:\/\/ed-pepper.eu\/wp-content\/uploads\/2024\/04\/PHOTO-UP-20230602-JACQUES-78-min-1-1024x967.jpg 1024w, https:\/\/ed-pepper.eu\/wp-content\/uploads\/2024\/04\/PHOTO-UP-20230602-JACQUES-78-min-1-768x725.jpg 768w, https:\/\/ed-pepper.eu\/wp-content\/uploads\/2024\/04\/PHOTO-UP-20230602-JACQUES-78-min-1-1536x1451.jpg 1536w\" sizes=\"(max-width: 150px) 100vw, 150px\" \/><\/p>\n\n\n\n<p><\/p>\n\n\n\n<p><\/p>\n\n\n\n<p><\/p>\n\n\n\n<ul class=\"wp-block-list\">\n<li><\/li>\n<\/ul>\n\n\n\n<p><\/p>\n","protected":false},"excerpt":{"rendered":"<p>PEPPER was founded in 2021 by France Chimie, FEBEA, and the Fondation de la Maison de la Chimie. It operates as a non-profit supported by public and private funding, with the mission to accelerate the development and validation of scientific methods to identify endocrine disruptors. You support research for better science, health, and environmental protection? [&hellip;]<\/p>\n","protected":false},"author":1,"featured_media":0,"parent":0,"menu_order":0,"comment_status":"closed","ping_status":"closed","template":"","meta":{"footnotes":""},"class_list":["post-502","page","type-page","status-publish","hentry"],"_links":{"self":[{"href":"https:\/\/ed-pepper.eu\/en\/wp-json\/wp\/v2\/pages\/502","targetHints":{"allow":["GET"]}}],"collection":[{"href":"https:\/\/ed-pepper.eu\/en\/wp-json\/wp\/v2\/pages"}],"about":[{"href":"https:\/\/ed-pepper.eu\/en\/wp-json\/wp\/v2\/types\/page"}],"author":[{"embeddable":true,"href":"https:\/\/ed-pepper.eu\/en\/wp-json\/wp\/v2\/users\/1"}],"replies":[{"embeddable":true,"href":"https:\/\/ed-pepper.eu\/en\/wp-json\/wp\/v2\/comments?post=502"}],"version-history":[{"count":70,"href":"https:\/\/ed-pepper.eu\/en\/wp-json\/wp\/v2\/pages\/502\/revisions"}],"predecessor-version":[{"id":7955,"href":"https:\/\/ed-pepper.eu\/en\/wp-json\/wp\/v2\/pages\/502\/revisions\/7955"}],"wp:attachment":[{"href":"https:\/\/ed-pepper.eu\/en\/wp-json\/wp\/v2\/media?parent=502"}],"curies":[{"name":"wp","href":"https:\/\/api.w.org\/{rel}","templated":true}]}}